{"id":95,"date":"2023-12-14T10:28:22","date_gmt":"2023-12-14T10:28:22","guid":{"rendered":"https:\/\/www.soli-asyl-potsdam.de\/?page_id=95"},"modified":"2023-12-14T12:16:48","modified_gmt":"2023-12-14T11:16:48","slug":"recht-auf-bleiben-soliasyl-potsdam","status":"publish","type":"page","link":"https:\/\/www.soli-asyl-potsdam.de\/","title":{"rendered":"Recht auf Bleiben &#8211; SoliAsyl Potsdam"},"content":{"rendered":"\n<p><\/p>\n\n\n\n<p class=\"has-black-color has-text-color has-link-color wp-elements-f8766fac6d3a637eca1358941adb8837\"><strong>\u201eIch w\u00fcrde Menschen verstecken, um sie vor Abschiebung zu sch\u00fctzen! Meine Solidarit\u00e4t gegen die Politik der Abschiebung und Ausgrenzung. F\u00fcr eine Gesellschaft von Allen und f\u00fcr Alle.&#8221;<\/strong><\/p>\n\n\n\n<p class=\"has-black-color has-text-color has-link-color wp-elements-be706ab14eaebe64b0fe753b90ff782b\">In Anlehnung an die deutschlandweite Kampagne vom B\u00fcrger*innenasyl, gr\u00fcndete sich 2022 auch in Potsdam eine Lokalgruppe:<em> Recht auf Bleiben &#8211; SoliAsyl Potsdam.<\/em><\/p>\n\n\n\n<p><\/p>\n\n\n\n<details class=\"wp-block-details has-black-color has-text-color has-link-color wp-elements-19ba062b0050d537e44acc4cb965e090 is-layout-flow wp-block-details-is-layout-flow\"><summary>Warum B\u00fcrger*innenasyl?<\/summary>\n<p class=\"has-black-color has-text-color has-link-color wp-elements-e6bd099e88db35e30f4fa359a54e1e1e\">Menschenrechte f\u00fcr Gefl\u00fcchtete und Migrant*innen werden t\u00e4glich systematisch missachtet. Deutsche Beh\u00f6rden schieben Menschen gegen ihren Willen kreuz und quer in andere L\u00e4nder Europas oder ihr Herkunftsland ab. Gefl\u00fcchtetenlager sind \u00fcberf\u00fcllt, von der Au\u00dfenwelt abgeschottet und schlecht versorgt.&nbsp;<\/p>\n\n\n\n<p class=\"has-black-color has-text-color has-link-color wp-elements-70a1752281d54f19c96575b595591626\">Menschen fliehen vor Hunger, Ausbeutung und Armut. Andere vor Ausgrenzung und Diskriminierung. Wieder andere fliehen vor Krieg und Gewalt. Dies hindert die Bundesregierung allerdings nicht daran, viele Fluchtgr\u00fcnde f\u00fcr unbegr\u00fcndet zu halten und mit Hochdruck die Abschiebepolitik zu versch\u00e4rfen. Deutsche Beh\u00f6rden stellen ihre eigene Verantwortung infrage, wenn die Durchreise durch ein anderes EU-Land erfolgte. Dabei k\u00f6nnen sie sich auf die sogenannte Dublin-Regelung berufen.&nbsp;<\/p>\n\n\n\n<p class=\"has-black-color has-text-color has-link-color wp-elements-501424c5aafd88cfd2460edbb684af64\">Auch wenn rassistische Hetze und versch\u00e4rfte Gesetze die Situation in Deutschland und Europa dominieren \u2013 die praktische Solidarit\u00e4t ist noch immer lebendig! Wir wollen nicht tatenlos dabei zusehen, wie unsere Freund*innen und Nachbar*innen abgeschoben werden. Wir setzen uns f\u00fcr eine offene Gesellschaft ein, in der wir die Zukunft gemeinsam gestalten k\u00f6nnen. Abschiebungen und Ausgrenzung lehnen wir deshalb grunds\u00e4tzlich ab. Sie sind in unserem Auge nicht mit einer tats\u00e4chlich unantastbaren W\u00fcrde eines jeden Menschen vereinbar.<\/p>\n\n\n\n<p class=\"has-black-color has-text-color has-link-color wp-elements-489c0932965ec77ed7e8ccef588eec38\">Deshalb rufen wir dazu auf, die Gastfreundschaft hochzuhalten und von Abschiebung bedrohte Menschen notfalls in Wohnungen zu verstecken. Diese Form von zivilem Ungehorsam bezeichnen wir als SoliAsyl, denn unserer Meinung nach, hat jeder Mensch hat ein Recht darauf zu Bleiben.<\/p>\n<\/details>\n\n\n\n<details class=\"wp-block-details has-black-color has-text-color has-link-color wp-elements-f0139908970fc13c2cbc0350a67b40b9 is-layout-flow wp-block-details-is-layout-flow\"><summary> Was ist das B\u00fcrger*innenasyl?\u00a0<\/summary>\n<p class=\"has-black-color has-text-color has-link-color wp-elements-ef13f1c50e00ca68eac4eaed6c336285\">In mehreren St\u00e4dten gr\u00fcndeten sich Initiativen, die \u00f6ffentlich ihre Bereitschaft ank\u00fcndigen, Gefl\u00fcchtete vor der Abschiebung in ihr Herkunftsland oder in andere EU Staaten zu sch\u00fctzen. In einem Akt des zivilen Ungehorsams und mit der Bereitstellung privaten Wohnraums stellen sich aktive Teile der Zivilgesellschaft der erzwungenen R\u00fcckkehr von Menschen in Elend oder Haft, in Verfolgung oder sogar Krieg entgegen. Die Initiativen des B\u00fcrger*innenasyls werden damit gleicherma\u00dfen zu einem praktischen wie symbolischen Widerspruch gegen die herrschende Politik der Ausgrenzung.<\/p>\n\n\n\n<p class=\"has-black-color has-text-color has-link-color wp-elements-6eb2e59e71c0f83aec180b6bc4eef5f3\">Diese Initiativen agieren erg\u00e4nzend zum Kirchenasyl und Schutzstrukturen in migrantischen Communities. Es gibt deutlich mehr Bedarf als tats\u00e4chliche Kirchenasyle. Illegalisierte Menschen oder Menschen mit Abschiebe-Risiko kommen in ihrer gro\u00dfen Mehrheit bei Verwandten und Bekannten unter und werden von diesen \u2013 trotz erheblich gr\u00f6\u00dferem Risiko der Strafverfolgung \u2013 gesch\u00fctzt. Diese Community-Solidarit\u00e4t kann nicht stark genug gew\u00fcrdigt werden und das B\u00fcrger*innenasyl kann hier politische R\u00fcckendeckung verschaffen.<\/p>\n<\/details>\n\n\n\n<details class=\"wp-block-details has-black-color has-text-color has-link-color wp-elements-9b74a4689e401d602d5436b322267e07 is-layout-flow wp-block-details-is-layout-flow\"><summary>Wie funktioniert das B\u00fcrger*innenasyl?<\/summary>\n<p class=\"has-black-color has-text-color has-link-color wp-elements-e9b92b0531b060e9caf053877a765035\">Es gibt kein umfassendes allgemein g\u00fcltiges Konzept der Umsetzung eines konkreten B\u00fcrger*innenasyls. Jede Lokalgruppe organisiert sich anders.\u00a0<\/p>\n\n\n\n<p class=\"has-black-color has-text-color has-link-color wp-elements-75d37a2b6ca12c02667b9606619b59a4\">Soliasyl Potsdam unterst\u00fctzt Menschen darin, ein Zimmer anzubieten oder zu finden. Wir bieten uns an, um dann zu \u00fcbersetzen, zu Terminen zu begleiten, bei der Miete zu helfen und f\u00fcr andere Fragen ansprechbar zu sein.&nbsp;<\/p>\n\n\n\n<p class=\"has-black-color has-text-color has-link-color wp-elements-6a1a9eb5369505e8ce6b9bba6d9f4cf5\">Wer Unterst\u00fctzung anbietet oder braucht, soll nicht allein sein!<\/p>\n\n\n\n<p class=\"has-black-color has-text-color has-link-color wp-elements-5b6a67cfdef184e150c1d2c89fcbd5d4\">Soliasyl Potsdam kannst du unter dieser Mail erreichen: _______<\/p>\n\n\n\n<p class=\"has-black-color has-text-color has-link-color wp-elements-066b7bc481cfb0c6fb92916453150240\">Wenn du wissen willst, ob es das B\u00fcrger*innenasyl auch in deiner Stadt gibt, dann schau doch mal bei der bundesweiten Seite vorbei:&nbsp; <a href=\"https:\/\/aktionbuergerinnenasyl.de\/\"><mark style=\"background-color:rgba(0, 0, 0, 0)\" class=\"has-inline-color has-vivid-cyan-blue-color\">https:\/\/aktionbuergerinnenasyl.de<\/mark><\/a><\/p>\n<\/details>\n\n\n\n<p class=\"has-black-color has-text-color has-link-color has-medium-font-size wp-elements-5aa5983fbfa2233749f8b514b789832a\"><strong>Sch\u00fctze Menschen vor der Abschiebung!<\/strong><\/p>\n","protected":false},"excerpt":{"rendered":"<p>\u201eIch w\u00fcrde Menschen verstecken, um sie vor Abschiebung zu sch\u00fctzen! Meine Solidarit\u00e4t gegen die Politik der Abschiebung und Ausgrenzung. F\u00fcr eine Gesellschaft von Allen und f\u00fcr Alle.&#8221; In Anlehnung an &#8230;<\/p>\n","protected":false},"author":1,"featured_media":0,"parent":0,"menu_order":0,"comment_status":"closed","ping_status":"closed","template":"","meta":{"footnotes":""},"class_list":["post-95","page","type-page","status-publish","hentry"],"_links":{"self":[{"href":"https:\/\/www.soli-asyl-potsdam.de\/index.php?rest_route=\/wp\/v2\/pages\/95","targetHints":{"allow":["GET"]}}],"collection":[{"href":"https:\/\/www.soli-asyl-potsdam.de\/index.php?rest_route=\/wp\/v2\/pages"}],"about":[{"href":"https:\/\/www.soli-asyl-potsdam.de\/index.php?rest_route=\/wp\/v2\/types\/page"}],"author":[{"embeddable":true,"href":"https:\/\/www.soli-asyl-potsdam.de\/index.php?rest_route=\/wp\/v2\/users\/1"}],"replies":[{"embeddable":true,"href":"https:\/\/www.soli-asyl-potsdam.de\/index.php?rest_route=%2Fwp%2Fv2%2Fcomments&post=95"}],"version-history":[{"count":3,"href":"https:\/\/www.soli-asyl-potsdam.de\/index.php?rest_route=\/wp\/v2\/pages\/95\/revisions"}],"predecessor-version":[{"id":106,"href":"https:\/\/www.soli-asyl-potsdam.de\/index.php?rest_route=\/wp\/v2\/pages\/95\/revisions\/106"}],"wp:attachment":[{"href":"https:\/\/www.soli-asyl-potsdam.de\/index.php?rest_route=%2Fwp%2Fv2%2Fmedia&parent=95"}],"curies":[{"name":"wp","href":"https:\/\/api.w.org\/{rel}","templated":true}]}}