{"id":72,"date":"2023-12-13T19:04:28","date_gmt":"2023-12-13T19:04:28","guid":{"rendered":"https:\/\/www.soli-asyl-potsdam.de\/?page_id=72"},"modified":"2023-12-14T14:35:21","modified_gmt":"2023-12-14T13:35:21","slug":"ich-brauche-unterstutzung","status":"publish","type":"page","link":"https:\/\/www.soli-asyl-potsdam.de\/?page_id=72","title":{"rendered":"Ich brauche Unterst\u00fctzung"},"content":{"rendered":"\n<p><\/p>\n\n\n\n<p class=\"has-black-color has-text-color has-link-color wp-elements-35425ace46773c889a0e040a82b53961\"><strong>Du m\u00f6chtest dich gegen eine Abschiebung wehren und suchst eine Unterkunft?<\/strong><\/p>\n\n\n\n<p class=\"has-black-color has-text-color has-link-color wp-elements-62c896c4a6a47bd463ce226a169157d3\">Du m\u00f6chtest dich gegen eine Abschiebung wehren und suchst eine Unterkunft?<\/p>\n\n\n\n<p class=\"has-black-color has-text-color has-link-color wp-elements-5691ac815346f8a0058ab7a4ba3e7b41\">Soli-Asyl Potsdam kann versuchen, f\u00fcr dich ein sicheres und passendes Zimmer in Potsdam oder Brandenburg zu finden. Wir vermitteln Zimmer bei freundlichen und solidarischen Menschen. Die Adresse ist der Polizei oder der Ausl\u00e4nderbeh\u00f6rde nicht bekannt. Beim Kennenlernen der Mitbewohner*innen sind wir dabei und unterst\u00fctzen euch dabei, wichtige Absprachen zu treffen.<\/p>\n\n\n\n<p class=\"has-black-color has-text-color has-link-color wp-elements-fa4a535786b77d189f907258379a16bf\">Wenn du die Kosten f\u00fcr Miete und Nebenkosten nicht selbst tragen kannst, tragen wir diese. Genauso k\u00f6nnen wir versuchen, Geld f\u00fcr Rechtsanw\u00e4lt*innen zu beschaffen, damit du eine rechltiche Beratung in Anspruch nehmen kannst. W\u00e4hrend deiner Unterbringung unterst\u00fctzen wir dich bei Terminen mit Rechtsanw\u00e4lt*innen, Migrationsberatung, \u00c4rzt*innen oder Ausl\u00e4nderbeh\u00f6rde. Wenn es n\u00f6tig ist, k\u00f6nnen wir dich dabei auch gerne begleiten.<\/p>\n\n\n\n<p class=\"has-black-color has-text-color has-link-color wp-elements-1f8ed484784732e273a14095b7776c9a\">Nimm gerne Kontakt \u00fcber unser<a href=\"https:\/\/www.soli-asyl-potsdam.de\/?page_id=119\" data-type=\"page\" data-id=\"119\"> <mark style=\"background-color:rgba(0, 0, 0, 0)\" class=\"has-inline-color has-vivid-cyan-blue-color\">Formular<\/mark><\/a> zu uns auf.<\/p>\n","protected":false},"excerpt":{"rendered":"<p>Du m\u00f6chtest dich gegen eine Abschiebung wehren und suchst eine Unterkunft? Du m\u00f6chtest dich gegen eine Abschiebung wehren und suchst eine Unterkunft? Soli-Asyl Potsdam kann versuchen, f\u00fcr dich ein sicheres &#8230;<\/p>\n","protected":false},"author":1,"featured_media":0,"parent":0,"menu_order":0,"comment_status":"closed","ping_status":"closed","template":"","meta":{"footnotes":""},"class_list":["post-72","page","type-page","status-publish","hentry"],"_links":{"self":[{"href":"https:\/\/www.soli-asyl-potsdam.de\/index.php?rest_route=\/wp\/v2\/pages\/72","targetHints":{"allow":["GET"]}}],"collection":[{"href":"https:\/\/www.soli-asyl-potsdam.de\/index.php?rest_route=\/wp\/v2\/pages"}],"about":[{"href":"https:\/\/www.soli-asyl-potsdam.de\/index.php?rest_route=\/wp\/v2\/types\/page"}],"author":[{"embeddable":true,"href":"https:\/\/www.soli-asyl-potsdam.de\/index.php?rest_route=\/wp\/v2\/users\/1"}],"replies":[{"embeddable":true,"href":"https:\/\/www.soli-asyl-potsdam.de\/index.php?rest_route=%2Fwp%2Fv2%2Fcomments&post=72"}],"version-history":[{"count":6,"href":"https:\/\/www.soli-asyl-potsdam.de\/index.php?rest_route=\/wp\/v2\/pages\/72\/revisions"}],"predecessor-version":[{"id":138,"href":"https:\/\/www.soli-asyl-potsdam.de\/index.php?rest_route=\/wp\/v2\/pages\/72\/revisions\/138"}],"wp:attachment":[{"href":"https:\/\/www.soli-asyl-potsdam.de\/index.php?rest_route=%2Fwp%2Fv2%2Fmedia&parent=72"}],"curies":[{"name":"wp","href":"https:\/\/api.w.org\/{rel}","templated":true}]}}