{"id":119,"date":"2023-12-14T13:31:28","date_gmt":"2023-12-14T12:31:28","guid":{"rendered":"https:\/\/www.soli-asyl-potsdam.de\/?page_id=119"},"modified":"2023-12-14T14:08:29","modified_gmt":"2023-12-14T13:08:29","slug":"kontakt","status":"publish","type":"page","link":"https:\/\/www.soli-asyl-potsdam.de\/?page_id=119","title":{"rendered":"Kontakt"},"content":{"rendered":"\n<p class=\"has-black-color has-text-color has-link-color has-medium-font-size wp-elements-9d87ad5e6bd8a895d83a714645b124e8\">Du brauchst Unterst\u00fctzung? <br>Oder du m\u00f6chtest uns Unterst\u00fctzen? <br>Dann melde dich am besten \u00fcber unser <a href=\"https:\/\/www.soli-asyl-potsdam.de\/?page_id=119\" data-type=\"page\" data-id=\"119\">Kontaktformular<\/a> bei uns. Wir melden uns so schnell wie m\u00f6glich bei dir.<\/p>\n\n\n\n<p class=\"has-black-color has-text-color has-link-color wp-elements-02e059a7f3cea0223bf230e7bef00913\" style=\"font-size:16px\">Der Schutz und die Intigrit\u00e4t deiner Daten ist uns sehr wichtig.<br>Deine Nachricht wird verschl\u00fcsselt an uns versendet und ausschlie\u00dflich von Menschen des Soli-Asyl Potsdam gelesen und bearbeitet.<br> <\/p>\n\n\n<div class=\"secure-form\"><div id=\"message-group\" class=\"form-group\"><label for=\"message\">Message<\/label><textarea id=\"message\" name=\"message\" rows=\"5\"><\/textarea><\/div><form id=\"sform\" method=\"post\"><div id=\"subject-group\" class=\"form-group\"><label for=\"subject\">Subject<\/label><input type=\"text\" id=\"subject\" name=\"subject\"><\/div><div id=\"name-group\" class=\"form-group\"><label for=\"name\">Your name<\/label><input type=\"text\" id=\"name\" name=\"name\"><\/div><div id=\"email-group\" class=\"form-group\"><label for=\"email\">Your email<\/label><input type=\"text\" id=\"email\" name=\"email\"><\/div><input type=\"hidden\" id=\"encryptedMessage\" name=\"encryptedMessage\"><input type=\"submit\" name=\"submit\" value=\"Submit\"><\/form><\/div>\n","protected":false},"excerpt":{"rendered":"<p>Du brauchst Unterst\u00fctzung? Oder du m\u00f6chtest uns Unterst\u00fctzen? Dann melde dich am besten \u00fcber unser Kontaktformular bei uns. Wir melden uns so schnell wie m\u00f6glich bei dir. Der Schutz und &#8230;<\/p>\n","protected":false},"author":1,"featured_media":0,"parent":0,"menu_order":0,"comment_status":"closed","ping_status":"closed","template":"","meta":{"footnotes":""},"class_list":["post-119","page","type-page","status-publish","hentry"],"_links":{"self":[{"href":"https:\/\/www.soli-asyl-potsdam.de\/index.php?rest_route=\/wp\/v2\/pages\/119","targetHints":{"allow":["GET"]}}],"collection":[{"href":"https:\/\/www.soli-asyl-potsdam.de\/index.php?rest_route=\/wp\/v2\/pages"}],"about":[{"href":"https:\/\/www.soli-asyl-potsdam.de\/index.php?rest_route=\/wp\/v2\/types\/page"}],"author":[{"embeddable":true,"href":"https:\/\/www.soli-asyl-potsdam.de\/index.php?rest_route=\/wp\/v2\/users\/1"}],"replies":[{"embeddable":true,"href":"https:\/\/www.soli-asyl-potsdam.de\/index.php?rest_route=%2Fwp%2Fv2%2Fcomments&post=119"}],"version-history":[{"count":3,"href":"https:\/\/www.soli-asyl-potsdam.de\/index.php?rest_route=\/wp\/v2\/pages\/119\/revisions"}],"predecessor-version":[{"id":129,"href":"https:\/\/www.soli-asyl-potsdam.de\/index.php?rest_route=\/wp\/v2\/pages\/119\/revisions\/129"}],"wp:attachment":[{"href":"https:\/\/www.soli-asyl-potsdam.de\/index.php?rest_route=%2Fwp%2Fv2%2Fmedia&parent=119"}],"curies":[{"name":"wp","href":"https:\/\/api.w.org\/{rel}","templated":true}]}}